{"id":199,"date":"2022-08-03T05:47:51","date_gmt":"2022-08-03T08:47:51","guid":{"rendered":"https:\/\/latinamericanmusiconline.com\/laguaridadelosmusicos\/?post_type=product&#038;p=199"},"modified":"2022-08-03T05:50:09","modified_gmt":"2022-08-03T08:50:09","slug":"grooves-para-neo-tango","status":"publish","type":"product","link":"https:\/\/latinamericanmusiconline.com\/laguaridadelosmusicos\/product\/grooves-para-neo-tango\/","title":{"rendered":"Grooves para Neo Tango"},"content":{"rendered":"<p><strong>GROOVES para NEO TANGO:\u00a0<\/strong>Ritmos bases y temas tangueros. Nuevas ideas y conceptos musicales (para bateria, bajo y guitarra)incluyendo elementos de JAZZ- FUNK-ROCK-FUSION\u00a0<strong>Fico de Castro \u2013 Sebastian Peycere \u2013 Carlos Madariaga<\/strong><\/p>\n<p>Transcripciones por musica y tablatura para bateria, bajo y guitarra. Incluye el CD \u201cRuidologia\u201d<\/p>\n<p>Esta obra intenta acercar nuevas formas de interpretaci\u00f3n al Tango bajo la consigna de introducir los<br \/>\ntimbres, sonidos y colores de los tiempos actuales e incorporar diversas situaciones ritmicas. El libro que acompa\u00f1a al CD contiene las transcripciones y explicaciones de los temas de bateria, bajo y guitarra por m\u00fasica y tablatura convirti\u00e9ndose en un material de\u00a0importante aporte pedagogico.<\/p>\n<p>Fico de Castro combina distintas tecnicas de guitarra electrica influenciadas por maestros del jazz, el Rock y el Blues con frases de bandoneon y metricas derivadas de claves de Horacio Salgan y Astor Piazzolla, utilzando varios tipos de sonidos, ruidologia y sintetizadores.<\/p>\n<p>Las baterias grabadas por Sebastian Peycere representan uno de los aportes mas sustanciales al genero. El Bajo acustico\u00a0ocupa el centro de equilibrio entre la bateria y las guitarras, aportando solidez y profundidad intercalando lineas de Tango tradicional con bases de Milonga y Funk.<\/p>\n","protected":false},"excerpt":{"rendered":"<p><strong>GROOVES para NEO TANGO:\u00a0<\/strong>Ritmos bases y temas tangueros. Nuevas ideas y conceptos musicales (para bateria, bajo y guitarra)incluyendo elementos de JAZZ- FUNK-ROCK-FUSION<\/p>\n","protected":false},"featured_media":200,"comment_status":"open","ping_status":"closed","template":"","meta":[],"product_cat":[33],"product_tag":[34,35,37],"_links":{"self":[{"href":"https:\/\/latinamericanmusiconline.com\/laguaridadelosmusicos\/wp-json\/wp\/v2\/product\/199"}],"collection":[{"href":"https:\/\/latinamericanmusiconline.com\/laguaridadelosmusicos\/wp-json\/wp\/v2\/product"}],"about":[{"href":"https:\/\/latinamericanmusiconline.com\/laguaridadelosmusicos\/wp-json\/wp\/v2\/types\/product"}],"replies":[{"embeddable":true,"href":"https:\/\/latinamericanmusiconline.com\/laguaridadelosmusicos\/wp-json\/wp\/v2\/comments?post=199"}],"wp:featuredmedia":[{"embeddable":true,"href":"https:\/\/latinamericanmusiconline.com\/laguaridadelosmusicos\/wp-json\/wp\/v2\/media\/200"}],"wp:attachment":[{"href":"https:\/\/latinamericanmusiconline.com\/laguaridadelosmusicos\/wp-json\/wp\/v2\/media?parent=199"}],"wp:term":[{"taxonomy":"product_cat","embeddable":true,"href":"https:\/\/latinamericanmusiconline.com\/laguaridadelosmusicos\/wp-json\/wp\/v2\/product_cat?post=199"},{"taxonomy":"product_tag","embeddable":true,"href":"https:\/\/latinamericanmusiconline.com\/laguaridadelosmusicos\/wp-json\/wp\/v2\/product_tag?post=199"}],"curies":[{"name":"wp","href":"https:\/\/api.w.org\/{rel}","templated":true}]}}