{"id":189,"date":"2022-08-03T05:16:15","date_gmt":"2022-08-03T08:16:15","guid":{"rendered":"https:\/\/latinamericanmusiconline.com\/laguaridadelosmusicos\/?post_type=product&#038;p=189"},"modified":"2022-08-03T05:22:18","modified_gmt":"2022-08-03T08:22:18","slug":"tango-lesson-1","status":"publish","type":"product","link":"https:\/\/latinamericanmusiconline.com\/laguaridadelosmusicos\/product\/tango-lesson-1\/","title":{"rendered":"Tango Lesson (1)"},"content":{"rendered":"<p>Cl\u00ednica de 10 lecciones sobre distintos aspectos t\u00e9cnicos y mel\u00f3dicos del tango para ejecutar con guitarra espa\u00f1ola. Por Fico De Castro<\/p>\n","protected":false},"excerpt":{"rendered":"<p>Leccion 1 de la Clinica de Tango Guitarra de 10 lecciones de Fico De Castro<\/p>\n","protected":false},"featured_media":190,"comment_status":"open","ping_status":"closed","template":"","meta":[],"product_cat":[36],"product_tag":[],"_links":{"self":[{"href":"https:\/\/latinamericanmusiconline.com\/laguaridadelosmusicos\/wp-json\/wp\/v2\/product\/189"}],"collection":[{"href":"https:\/\/latinamericanmusiconline.com\/laguaridadelosmusicos\/wp-json\/wp\/v2\/product"}],"about":[{"href":"https:\/\/latinamericanmusiconline.com\/laguaridadelosmusicos\/wp-json\/wp\/v2\/types\/product"}],"replies":[{"embeddable":true,"href":"https:\/\/latinamericanmusiconline.com\/laguaridadelosmusicos\/wp-json\/wp\/v2\/comments?post=189"}],"wp:featuredmedia":[{"embeddable":true,"href":"https:\/\/latinamericanmusiconline.com\/laguaridadelosmusicos\/wp-json\/wp\/v2\/media\/190"}],"wp:attachment":[{"href":"https:\/\/latinamericanmusiconline.com\/laguaridadelosmusicos\/wp-json\/wp\/v2\/media?parent=189"}],"wp:term":[{"taxonomy":"product_cat","embeddable":true,"href":"https:\/\/latinamericanmusiconline.com\/laguaridadelosmusicos\/wp-json\/wp\/v2\/product_cat?post=189"},{"taxonomy":"product_tag","embeddable":true,"href":"https:\/\/latinamericanmusiconline.com\/laguaridadelosmusicos\/wp-json\/wp\/v2\/product_tag?post=189"}],"curies":[{"name":"wp","href":"https:\/\/api.w.org\/{rel}","templated":true}]}}