{"id":187,"date":"2022-08-03T05:05:07","date_gmt":"2022-08-03T08:05:07","guid":{"rendered":"https:\/\/latinamericanmusiconline.com\/laguaridadelosmusicos\/?post_type=product&#038;p=187"},"modified":"2022-08-03T05:26:40","modified_gmt":"2022-08-03T08:26:40","slug":"guitarra-tango","status":"publish","type":"product","link":"https:\/\/latinamericanmusiconline.com\/laguaridadelosmusicos\/product\/guitarra-tango\/","title":{"rendered":"Guitarra Tango"},"content":{"rendered":"<p><strong>GUITARRA TANGO (espa\u00f1ol, ingles , japones) Un libro dedicado al tango pero con el mismo formato que los libros modernos de t\u00e9cnica. Se presenta as\u00ed un material \u00e1gil, con m\u00faltiples ejemplos de introducciones, fraseos, finales y con\u00a0CD \u00a0de audio incluido.<br \/>\nEstilos de interpretaci\u00f3n como los de Osvaldo Pugliese, Anibal Troilo, Astor Piazzolla, Horacio Salg\u00e1n y Roberto Grela son tratados aqu\u00ed tanto en m\u00fasica como en tablatura para el f\u00e1cil entendimiento del instrumentista\u00a0interesado por\u00a0el tango y la milonga. Ejemplos y tangos interpretados por RAUL LUZZI. <em>\u201cTango Guitar\u201d<\/em> est\u00e1 escrito en tres idiomas: castellano, ingl\u00e9s y japon\u00e9s. <a title=\"magazine reviews\" href=\"https:\/\/ficodecastro.wordpress.com\/2007\/02\/02\/algunos-comentarios-sobre-el-libro-guitarra-tango-some-reviews-about-the-book-tango-guitar\/\">Ver reviews<\/a>.\u00a0<\/strong><\/p>\n<p>Se incluyen transcripciones especiales para guitarra,\u00a0de <strong>Mi Buenos Aires Querido<\/strong>, <strong>Volver<\/strong> y <strong>Piazzolletto Porte\u00f1o<\/strong> entre otros\u00a0con capitulos dedicados a los estilos de compositores como <strong>Astor Piazzola<\/strong> y <strong>Horacio Salgan<\/strong> (incluyendo un analisis de <strong>A fuego lento<\/strong>), adem\u00e1s de un listado de guitarristas en la historia del Tango.<\/p>\n","protected":false},"excerpt":{"rendered":"<p><strong>M\u00faltiples ejemplos de introducciones, fraseos, finales en el Tango para Guitarra y con ejemplos de audio incluido. <\/strong><\/p>\n","protected":false},"featured_media":72,"comment_status":"open","ping_status":"closed","template":"","meta":[],"product_cat":[33],"product_tag":[34,35],"_links":{"self":[{"href":"https:\/\/latinamericanmusiconline.com\/laguaridadelosmusicos\/wp-json\/wp\/v2\/product\/187"}],"collection":[{"href":"https:\/\/latinamericanmusiconline.com\/laguaridadelosmusicos\/wp-json\/wp\/v2\/product"}],"about":[{"href":"https:\/\/latinamericanmusiconline.com\/laguaridadelosmusicos\/wp-json\/wp\/v2\/types\/product"}],"replies":[{"embeddable":true,"href":"https:\/\/latinamericanmusiconline.com\/laguaridadelosmusicos\/wp-json\/wp\/v2\/comments?post=187"}],"wp:featuredmedia":[{"embeddable":true,"href":"https:\/\/latinamericanmusiconline.com\/laguaridadelosmusicos\/wp-json\/wp\/v2\/media\/72"}],"wp:attachment":[{"href":"https:\/\/latinamericanmusiconline.com\/laguaridadelosmusicos\/wp-json\/wp\/v2\/media?parent=187"}],"wp:term":[{"taxonomy":"product_cat","embeddable":true,"href":"https:\/\/latinamericanmusiconline.com\/laguaridadelosmusicos\/wp-json\/wp\/v2\/product_cat?post=187"},{"taxonomy":"product_tag","embeddable":true,"href":"https:\/\/latinamericanmusiconline.com\/laguaridadelosmusicos\/wp-json\/wp\/v2\/product_tag?post=187"}],"curies":[{"name":"wp","href":"https:\/\/api.w.org\/{rel}","templated":true}]}}