{"id":14,"date":"2022-07-28T05:36:07","date_gmt":"2022-07-28T08:36:07","guid":{"rendered":"https:\/\/latinamericanmusiconline.com\/laguaridadelosmusicos\/?page_id=14"},"modified":"2022-08-23T22:44:14","modified_gmt":"2022-08-24T01:44:14","slug":"inicio","status":"publish","type":"page","link":"https:\/\/latinamericanmusiconline.com\/laguaridadelosmusicos\/","title":{"rendered":"Bienvenidos"},"content":{"rendered":"\t\t<div data-elementor-type=\"wp-page\" data-elementor-id=\"14\" class=\"elementor elementor-14\">\n\t\t\t\t\t\t\t\t\t<section class=\"elementor-section elementor-top-section elementor-element elementor-element-da6c1c2 elementor-section-boxed elementor-section-height-default elementor-section-height-default\" data-id=\"da6c1c2\" data-element_type=\"section\">\n\t\t\t\t\t\t<div class=\"elementor-container elementor-column-gap-default\">\n\t\t\t\t\t<div class=\"elementor-column elementor-col-100 elementor-top-column elementor-element elementor-element-ea69afc\" data-id=\"ea69afc\" data-element_type=\"column\">\n\t\t\t<div class=\"elementor-widget-wrap elementor-element-populated\">\n\t\t\t\t\t\t\t\t<div class=\"elementor-element elementor-element-e6e65b8 elementor-aspect-ratio-169 elementor-widget elementor-widget-video\" data-id=\"e6e65b8\" data-element_type=\"widget\" data-settings=\"{&quot;youtube_url&quot;:&quot;https:\\\/\\\/youtu.be\\\/iz4m-o8xAGk&quot;,&quot;video_type&quot;:&quot;youtube&quot;,&quot;controls&quot;:&quot;yes&quot;,&quot;aspect_ratio&quot;:&quot;169&quot;}\" data-widget_type=\"video.default\">\n\t\t\t\t<div class=\"elementor-widget-container\">\n\t\t\t<style>\/*! elementor - v3.6.8 - 27-07-2022 *\/\n.elementor-widget-video .elementor-widget-container{overflow:hidden;-webkit-transform:translateZ(0);transform:translateZ(0)}.elementor-widget-video .elementor-open-inline .elementor-custom-embed-image-overlay{position:absolute;top:0;left:0;width:100%;height:100%;background-size:cover;background-position:50%}.elementor-widget-video .elementor-custom-embed-image-overlay{cursor:pointer;text-align:center}.elementor-widget-video .elementor-custom-embed-image-overlay:hover .elementor-custom-embed-play i{opacity:1}.elementor-widget-video .elementor-custom-embed-image-overlay img{display:block;width:100%}.elementor-widget-video .e-hosted-video .elementor-video{-o-object-fit:cover;object-fit:cover}<\/style>\t\t<div class=\"elementor-wrapper elementor-fit-aspect-ratio elementor-open-inline\">\n\t\t\t<div class=\"elementor-video\"><\/div>\t\t<\/div>\n\t\t\t\t<\/div>\n\t\t\t\t<\/div>\n\t\t\t\t\t<\/div>\n\t\t<\/div>\n\t\t\t\t\t\t\t<\/div>\n\t\t<\/section>\n\t\t\t\t<section class=\"elementor-section elementor-top-section elementor-element elementor-element-c25caf3 elementor-section-boxed elementor-section-height-default elementor-section-height-default\" data-id=\"c25caf3\" data-element_type=\"section\">\n\t\t\t\t\t\t<div class=\"elementor-container elementor-column-gap-default\">\n\t\t\t\t\t<div class=\"elementor-column elementor-col-100 elementor-top-column elementor-element elementor-element-d4a6e0a\" data-id=\"d4a6e0a\" data-element_type=\"column\">\n\t\t\t<div class=\"elementor-widget-wrap elementor-element-populated\">\n\t\t\t\t\t\t\t\t<div class=\"elementor-element elementor-element-de45c3e elementor-widget elementor-widget-text-editor\" data-id=\"de45c3e\" data-element_type=\"widget\" data-widget_type=\"text-editor.default\">\n\t\t\t\t<div class=\"elementor-widget-container\">\n\t\t\t<style>\/*! elementor - v3.6.8 - 27-07-2022 *\/\n.elementor-widget-text-editor.elementor-drop-cap-view-stacked .elementor-drop-cap{background-color:#818a91;color:#fff}.elementor-widget-text-editor.elementor-drop-cap-view-framed .elementor-drop-cap{color:#818a91;border:3px solid;background-color:transparent}.elementor-widget-text-editor:not(.elementor-drop-cap-view-default) .elementor-drop-cap{margin-top:8px}.elementor-widget-text-editor:not(.elementor-drop-cap-view-default) .elementor-drop-cap-letter{width:1em;height:1em}.elementor-widget-text-editor .elementor-drop-cap{float:left;text-align:center;line-height:1;font-size:50px}.elementor-widget-text-editor .elementor-drop-cap-letter{display:inline-block}<\/style>\t\t\t\t<p style=\"margin-bottom: 0px; font-stretch: normal; font-size: 15px; line-height: normal; font-family: 'Helvetica Neue'; color: #060606;\"><b>El Arte Musical en su plenitud.<\/b><\/p><p style=\"margin-bottom: 0px; font-stretch: normal; font-size: 15px; line-height: normal; font-family: 'Helvetica Neue'; color: #060606;\"><b>\u00a0<\/b><\/p><p style=\"margin-bottom: 0px; font-stretch: normal; font-size: 15px; line-height: normal; font-family: 'Helvetica Neue'; color: #060606;\">\u00a0<\/p><p style=\"margin-bottom: 0px; font-stretch: normal; font-size: 15px; line-height: normal; font-family: 'Helvetica Neue'; color: #060606;\">Los secretos de la M\u00fasica revelados de una forma totalmente novedosa donde los concurrentes <strong>se convierten en protagonistas<\/strong><\/p><p style=\"margin-bottom: 0px; font-stretch: normal; font-size: 15px; line-height: normal; font-family: 'Helvetica Neue'; color: #060606;\">y participan de la ejecuci\u00f3n musical seg\u00fan sus propias habilidades y conocimientos.\u00a0<\/p><p style=\"margin-bottom: 0px; font-stretch: normal; font-size: 15px; line-height: normal; font-family: 'Helvetica Neue'; color: #060606;\">\ufffc<\/p><p style=\"margin-bottom: 0px; font-stretch: normal; font-size: 15px; line-height: normal; font-family: 'Helvetica Neue'; color: #060606;\"><b>Biblioteca Discogr\u00e1fica. Vinilos. Discos. M\u00e9todos.<\/b><\/p><p style=\"margin-bottom: 0px; font-stretch: normal; font-size: 15px; line-height: normal; font-family: 'Helvetica Neue'; color: #060606;\">\ufffc<\/p><p style=\"margin-bottom: 0px; font-stretch: normal; font-size: 15px; line-height: normal; font-family: 'Helvetica Neue'; color: #060606;\">La historia de la M\u00fasica a tu disposici\u00f3n!<\/p><p style=\"margin-bottom: 0px; font-stretch: normal; font-size: 15px; line-height: normal; font-family: 'Helvetica Neue'; color: #060606;\">Las diferentes formas de vincularse con la M\u00fasica.<\/p><p style=\"margin-bottom: 0px; font-stretch: normal; font-size: 15px; line-height: normal; font-family: 'Helvetica Neue'; color: #060606;\">\ufffc<\/p><p style=\"margin-bottom: 0px; font-stretch: normal; font-size: 15px; line-height: normal; font-family: 'Helvetica Neue'; color: #060606;\"><b>Un Refugio para M\u00fasicos, Cantantes, Bailarines y fans de la m\u00fasica.\u00a0<\/b><\/p><p style=\"margin-bottom: 0px; font-stretch: normal; font-size: 15px; line-height: normal; font-family: 'Helvetica Neue'; color: #060606;\">Clases de Creaci\u00f3n Musical, composici\u00f3n, instrumentos, octapad, grabaciones. Coaching Vocal.\u00a0<\/p>\t\t\t\t\t\t<\/div>\n\t\t\t\t<\/div>\n\t\t\t\t\t<\/div>\n\t\t<\/div>\n\t\t\t\t\t\t\t<\/div>\n\t\t<\/section>\n\t\t\t\t<section class=\"elementor-section elementor-top-section elementor-element elementor-element-ae6236f elementor-section-boxed elementor-section-height-default elementor-section-height-default\" data-id=\"ae6236f\" data-element_type=\"section\">\n\t\t\t\t\t\t<div class=\"elementor-container elementor-column-gap-default\">\n\t\t\t\t\t<div class=\"elementor-column elementor-col-100 elementor-top-column elementor-element elementor-element-c33637c\" data-id=\"c33637c\" data-element_type=\"column\">\n\t\t\t<div class=\"elementor-widget-wrap elementor-element-populated\">\n\t\t\t\t\t\t\t\t<div class=\"elementor-element elementor-element-c2645a3 elementor-shape-circle e-grid-align-right elementor-grid-0 elementor-widget elementor-widget-social-icons\" data-id=\"c2645a3\" data-element_type=\"widget\" data-widget_type=\"social-icons.default\">\n\t\t\t\t<div class=\"elementor-widget-container\">\n\t\t\t<style>\/*! elementor - v3.6.8 - 27-07-2022 *\/\n.elementor-widget-social-icons.elementor-grid-0 .elementor-widget-container,.elementor-widget-social-icons.elementor-grid-mobile-0 .elementor-widget-container,.elementor-widget-social-icons.elementor-grid-tablet-0 .elementor-widget-container{line-height:1;font-size:0}.elementor-widget-social-icons:not(.elementor-grid-0):not(.elementor-grid-tablet-0):not(.elementor-grid-mobile-0) .elementor-grid{display:inline-grid}.elementor-widget-social-icons .elementor-grid{grid-column-gap:var(--grid-column-gap,5px);grid-row-gap:var(--grid-row-gap,5px);grid-template-columns:var(--grid-template-columns);-webkit-box-pack:var(--justify-content,center);-ms-flex-pack:var(--justify-content,center);justify-content:var(--justify-content,center);justify-items:var(--justify-content,center)}.elementor-icon.elementor-social-icon{font-size:var(--icon-size,25px);line-height:var(--icon-size,25px);width:calc(var(--icon-size, 25px) + (2 * var(--icon-padding, .5em)));height:calc(var(--icon-size, 25px) + (2 * var(--icon-padding, .5em)))}.elementor-social-icon{--e-social-icon-icon-color:#fff;display:-webkit-inline-box;display:-ms-inline-flexbox;display:inline-flex;background-color:#818a91;-webkit-box-align:center;-ms-flex-align:center;align-items:center;-webkit-box-pack:center;-ms-flex-pack:center;justify-content:center;text-align:center;cursor:pointer}.elementor-social-icon i{color:var(--e-social-icon-icon-color)}.elementor-social-icon svg{fill:var(--e-social-icon-icon-color)}.elementor-social-icon:last-child{margin:0}.elementor-social-icon:hover{opacity:.9;color:#fff}.elementor-social-icon-android{background-color:#a4c639}.elementor-social-icon-apple{background-color:#999}.elementor-social-icon-behance{background-color:#1769ff}.elementor-social-icon-bitbucket{background-color:#205081}.elementor-social-icon-codepen{background-color:#000}.elementor-social-icon-delicious{background-color:#39f}.elementor-social-icon-deviantart{background-color:#05cc47}.elementor-social-icon-digg{background-color:#005be2}.elementor-social-icon-dribbble{background-color:#ea4c89}.elementor-social-icon-elementor{background-color:#d30c5c}.elementor-social-icon-envelope{background-color:#ea4335}.elementor-social-icon-facebook,.elementor-social-icon-facebook-f{background-color:#3b5998}.elementor-social-icon-flickr{background-color:#0063dc}.elementor-social-icon-foursquare{background-color:#2d5be3}.elementor-social-icon-free-code-camp,.elementor-social-icon-freecodecamp{background-color:#006400}.elementor-social-icon-github{background-color:#333}.elementor-social-icon-gitlab{background-color:#e24329}.elementor-social-icon-globe{background-color:#818a91}.elementor-social-icon-google-plus,.elementor-social-icon-google-plus-g{background-color:#dd4b39}.elementor-social-icon-houzz{background-color:#7ac142}.elementor-social-icon-instagram{background-color:#262626}.elementor-social-icon-jsfiddle{background-color:#487aa2}.elementor-social-icon-link{background-color:#818a91}.elementor-social-icon-linkedin,.elementor-social-icon-linkedin-in{background-color:#0077b5}.elementor-social-icon-medium{background-color:#00ab6b}.elementor-social-icon-meetup{background-color:#ec1c40}.elementor-social-icon-mixcloud{background-color:#273a4b}.elementor-social-icon-odnoklassniki{background-color:#f4731c}.elementor-social-icon-pinterest{background-color:#bd081c}.elementor-social-icon-product-hunt{background-color:#da552f}.elementor-social-icon-reddit{background-color:#ff4500}.elementor-social-icon-rss{background-color:#f26522}.elementor-social-icon-shopping-cart{background-color:#4caf50}.elementor-social-icon-skype{background-color:#00aff0}.elementor-social-icon-slideshare{background-color:#0077b5}.elementor-social-icon-snapchat{background-color:#fffc00}.elementor-social-icon-soundcloud{background-color:#f80}.elementor-social-icon-spotify{background-color:#2ebd59}.elementor-social-icon-stack-overflow{background-color:#fe7a15}.elementor-social-icon-steam{background-color:#00adee}.elementor-social-icon-stumbleupon{background-color:#eb4924}.elementor-social-icon-telegram{background-color:#2ca5e0}.elementor-social-icon-thumb-tack{background-color:#1aa1d8}.elementor-social-icon-tripadvisor{background-color:#589442}.elementor-social-icon-tumblr{background-color:#35465c}.elementor-social-icon-twitch{background-color:#6441a5}.elementor-social-icon-twitter{background-color:#1da1f2}.elementor-social-icon-viber{background-color:#665cac}.elementor-social-icon-vimeo{background-color:#1ab7ea}.elementor-social-icon-vk{background-color:#45668e}.elementor-social-icon-weibo{background-color:#dd2430}.elementor-social-icon-weixin{background-color:#31a918}.elementor-social-icon-whatsapp{background-color:#25d366}.elementor-social-icon-wordpress{background-color:#21759b}.elementor-social-icon-xing{background-color:#026466}.elementor-social-icon-yelp{background-color:#af0606}.elementor-social-icon-youtube{background-color:#cd201f}.elementor-social-icon-500px{background-color:#0099e5}.elementor-shape-rounded .elementor-icon.elementor-social-icon{border-radius:10%}.elementor-shape-circle .elementor-icon.elementor-social-icon{border-radius:50%}<\/style>\t\t<div class=\"elementor-social-icons-wrapper elementor-grid\">\n\t\t\t\t\t\t\t<span class=\"elementor-grid-item\">\n\t\t\t\t\t<a class=\"elementor-icon elementor-social-icon elementor-social-icon-facebook elementor-repeater-item-f8bfa42\" href=\"https:\/\/www.facebook.com\/laguaridadelosmusicos\" target=\"_blank\">\n\t\t\t\t\t\t<span class=\"elementor-screen-only\">Facebook<\/span>\n\t\t\t\t\t\t<i class=\"fab fa-facebook\"><\/i>\t\t\t\t\t<\/a>\n\t\t\t\t<\/span>\n\t\t\t\t\t\t\t<span class=\"elementor-grid-item\">\n\t\t\t\t\t<a class=\"elementor-icon elementor-social-icon elementor-social-icon-whatsapp elementor-repeater-item-93f5695\" href=\"https:\/\/api.whatsapp.com\/send?phone=%2B541128166551&#038;fbclid=IwAR2qFHvwrd4LYj4msqNZ9iNuY9Cl2Xq0K2owIHoy8mjhMsCWRqWoTjDZlPg\" target=\"_blank\">\n\t\t\t\t\t\t<span class=\"elementor-screen-only\">Whatsapp<\/span>\n\t\t\t\t\t\t<i class=\"fab fa-whatsapp\"><\/i>\t\t\t\t\t<\/a>\n\t\t\t\t<\/span>\n\t\t\t\t\t<\/div>\n\t\t\t\t<\/div>\n\t\t\t\t<\/div>\n\t\t\t\t\t<\/div>\n\t\t<\/div>\n\t\t\t\t\t\t\t<\/div>\n\t\t<\/section>\n\t\t\t\t<section class=\"elementor-section elementor-top-section elementor-element elementor-element-3688c53 elementor-section-boxed elementor-section-height-default elementor-section-height-default\" data-id=\"3688c53\" data-element_type=\"section\">\n\t\t\t\t\t\t<div class=\"elementor-container elementor-column-gap-default\">\n\t\t\t\t\t<div class=\"elementor-column elementor-col-100 elementor-top-column elementor-element elementor-element-5e9b590\" data-id=\"5e9b590\" data-element_type=\"column\">\n\t\t\t<div class=\"elementor-widget-wrap elementor-element-populated\">\n\t\t\t\t\t\t\t\t<div class=\"elementor-element elementor-element-28a6b19 elementor-widget elementor-widget-spacer\" data-id=\"28a6b19\" data-element_type=\"widget\" data-widget_type=\"spacer.default\">\n\t\t\t\t<div class=\"elementor-widget-container\">\n\t\t\t<style>\/*! elementor - v3.6.8 - 27-07-2022 *\/\n.e-container.e-container--row .elementor-spacer-inner{width:var(--spacer-size)}.e-container.e-container--column .elementor-spacer-inner,.elementor-column .elementor-spacer-inner{height:var(--spacer-size)}<\/style>\t\t<div class=\"elementor-spacer\">\n\t\t\t<div class=\"elementor-spacer-inner\"><\/div>\n\t\t<\/div>\n\t\t\t\t<\/div>\n\t\t\t\t<\/div>\n\t\t\t\t\t<\/div>\n\t\t<\/div>\n\t\t\t\t\t\t\t<\/div>\n\t\t<\/section>\n\t\t\t\t<section class=\"elementor-section elementor-top-section elementor-element elementor-element-576b2e4 elementor-section-boxed elementor-section-height-default elementor-section-height-default\" data-id=\"576b2e4\" data-element_type=\"section\" data-settings=\"{&quot;background_background&quot;:&quot;classic&quot;}\">\n\t\t\t\t\t\t<div class=\"elementor-container elementor-column-gap-default\">\n\t\t\t\t\t<div class=\"elementor-column elementor-col-33 elementor-top-column elementor-element elementor-element-74c59d5\" data-id=\"74c59d5\" data-element_type=\"column\">\n\t\t\t<div class=\"elementor-widget-wrap elementor-element-populated\">\n\t\t\t\t\t\t\t\t<div class=\"elementor-element elementor-element-da17684 elementor-widget elementor-widget-text-editor\" data-id=\"da17684\" data-element_type=\"widget\" data-widget_type=\"text-editor.default\">\n\t\t\t\t<div class=\"elementor-widget-container\">\n\t\t\t\t\t\t\t<h3 style=\"font-style: normal; box-sizing: inherit; clear: both; line-height: 1.4; margin-bottom: 0.75em; color: #29471f; font-size: 1.375rem; caret-color: #29471f; font-family: 'Libre Franklin', 'Helvetica Neue', helvetica, arial, sans-serif;\"><strong>BiblioDiscoteca<\/strong><\/h3>\n<p style=\"font-size: 16px; box-sizing: inherit; caret-color: #29471f; color: #29471f; font-family: 'Libre Franklin', 'Helvetica Neue', helvetica, arial, sans-serif;\">Biblioteca Discogr\u00e1fica. Vinilos. Discos.&nbsp;M\u00e9todos de ense\u00f1anza.&nbsp;<\/p>\n<p style=\"font-size: 16px; box-sizing: inherit; caret-color: #29471f; color: #29471f; font-family: 'Libre Franklin', 'Helvetica Neue', helvetica, arial, sans-serif;\"><strong>La historia de la M\u00fasica a tu disposici\u00f3n!<\/strong><\/p>\n<p style=\"font-size: 16px; box-sizing: inherit; caret-color: #29471f; color: #29471f; font-family: 'Libre Franklin', 'Helvetica Neue', helvetica, arial, sans-serif;\">El material de consulta y colecci\u00f3n de <a href=\"https:\/\/latinamericanmusiconline.com\/laguaridadelosmusicos\/sobre-fico-de-castro\/\">Fico De Castro<\/a> disponible para todos.&nbsp;<\/p>\t\t\t\t\t\t<\/div>\n\t\t\t\t<\/div>\n\t\t\t\t\t<\/div>\n\t\t<\/div>\n\t\t\t\t<div class=\"elementor-column elementor-col-33 elementor-top-column elementor-element elementor-element-071a401\" data-id=\"071a401\" data-element_type=\"column\">\n\t\t\t<div class=\"elementor-widget-wrap elementor-element-populated\">\n\t\t\t\t\t\t\t\t<div class=\"elementor-element elementor-element-5624b83 elementor-widget elementor-widget-text-editor\" data-id=\"5624b83\" data-element_type=\"widget\" data-widget_type=\"text-editor.default\">\n\t\t\t\t<div class=\"elementor-widget-container\">\n\t\t\t\t\t\t\t<h3 style=\"font-style: normal; box-sizing: inherit; clear: both; line-height: 1.4; margin-bottom: 0.75em; color: #29471f; font-size: 1.375rem; caret-color: #29471f; font-family: 'Libre Franklin', 'Helvetica Neue', helvetica, arial, sans-serif;\"><strong>Talleres de M\u00fasica<\/strong><\/h3><p style=\"font-size: 16px; box-sizing: inherit; caret-color: #29471f; color: #29471f; font-family: 'Libre Franklin', 'Helvetica Neue', helvetica, arial, sans-serif;\">Los secretos de la M\u00fasica revelados de una forma totalmente novedosa donde <strong>los concurrentes se convierten en protagonistas<\/strong> y participan de la ejecuci\u00f3n musical seg\u00fan sus propias habilidades y conocimientos.<\/p><p>Training para <strong>Karaoke<\/strong>. Lenguaje musical para <strong>Bailarines<\/strong>. Sesiones de performance en vivo para <strong>m\u00fasicos<\/strong> o aspirantes. <strong>Coaching<\/strong>. Grabaciones.<\/p>\t\t\t\t\t\t<\/div>\n\t\t\t\t<\/div>\n\t\t\t\t\t<\/div>\n\t\t<\/div>\n\t\t\t\t<div class=\"elementor-column elementor-col-33 elementor-top-column elementor-element elementor-element-58c763e\" data-id=\"58c763e\" data-element_type=\"column\">\n\t\t\t<div class=\"elementor-widget-wrap elementor-element-populated\">\n\t\t\t\t\t\t\t\t<div class=\"elementor-element elementor-element-a22def1 elementor-widget elementor-widget-text-editor\" data-id=\"a22def1\" data-element_type=\"widget\" data-widget_type=\"text-editor.default\">\n\t\t\t\t<div class=\"elementor-widget-container\">\n\t\t\t\t\t\t\t<h3><strong>Cosmusica<\/strong><\/h3><p>La editorial <a href=\"https:\/\/latinamericanmusiconline.com\/laguaridadelosmusicos\/cosmusica\/\">Cosmusica<\/a> creada por <a href=\"https:\/\/latinamericanmusiconline.com\/laguaridadelosmusicos\/sobre-fico-de-castro\/\"><strong>Fico De Castro<\/strong><\/a> en 1990 que ha publicado t\u00edtulos fundamentales de la ense\u00f1anza musical en Argentina. Desde <strong>\u201cLa Biblia del Rock\u201d<\/strong> hasta <strong>\u201cTangos para Guitarra\u201d<\/strong> (en 3 idiomas), pasando por <strong>\u201cEscalas y Acordes aplicados a la improvisaci\u00f3n\u201d<\/strong> <strong>\u201cGuitarra Folklore\u201d<\/strong> <strong>\u201cGrooves para Neo Tango\u201d<\/strong> <strong>\u201cTratado de Guitarra\u201d<\/strong> entre otros. .<\/p>\t\t\t\t\t\t<\/div>\n\t\t\t\t<\/div>\n\t\t\t\t\t<\/div>\n\t\t<\/div>\n\t\t\t\t\t\t\t<\/div>\n\t\t<\/section>\n\t\t\t\t\t\t\t<\/div>\n\t\t","protected":false},"excerpt":{"rendered":"<p>https:\/\/youtu.be\/iz4m-o8xAGk El Arte Musical en su plenitud. \u00a0 \u00a0 Los secretos de la M\u00fasica revelados de una forma totalmente novedosa donde los concurrentes se convierten en protagonistas y participan de la ejecuci\u00f3n musical seg\u00fan sus propias habilidades y conocimientos.\u00a0 \ufffc Biblioteca Discogr\u00e1fica. Vinilos. Discos. M\u00e9todos. \ufffc La historia de la M\u00fasica a tu disposici\u00f3n! Las &#8230; <a title=\"Bienvenidos\" class=\"read-more\" href=\"https:\/\/latinamericanmusiconline.com\/laguaridadelosmusicos\/\" aria-label=\"More on Bienvenidos\">Read more<\/a><\/p>\n","protected":false},"author":1,"featured_media":0,"parent":0,"menu_order":0,"comment_status":"closed","ping_status":"closed","template":"","meta":[],"_links":{"self":[{"href":"https:\/\/latinamericanmusiconline.com\/laguaridadelosmusicos\/wp-json\/wp\/v2\/pages\/14"}],"collection":[{"href":"https:\/\/latinamericanmusiconline.com\/laguaridadelosmusicos\/wp-json\/wp\/v2\/pages"}],"about":[{"href":"https:\/\/latinamericanmusiconline.com\/laguaridadelosmusicos\/wp-json\/wp\/v2\/types\/page"}],"author":[{"embeddable":true,"href":"https:\/\/latinamericanmusiconline.com\/laguaridadelosmusicos\/wp-json\/wp\/v2\/users\/1"}],"replies":[{"embeddable":true,"href":"https:\/\/latinamericanmusiconline.com\/laguaridadelosmusicos\/wp-json\/wp\/v2\/comments?post=14"}],"version-history":[{"count":50,"href":"https:\/\/latinamericanmusiconline.com\/laguaridadelosmusicos\/wp-json\/wp\/v2\/pages\/14\/revisions"}],"predecessor-version":[{"id":330,"href":"https:\/\/latinamericanmusiconline.com\/laguaridadelosmusicos\/wp-json\/wp\/v2\/pages\/14\/revisions\/330"}],"wp:attachment":[{"href":"https:\/\/latinamericanmusiconline.com\/laguaridadelosmusicos\/wp-json\/wp\/v2\/media?parent=14"}],"curies":[{"name":"wp","href":"https:\/\/api.w.org\/{rel}","templated":true}]}}